{"id":82,"date":"2024-05-17T18:25:12","date_gmt":"2016-11-17T16:25:12","guid":{"rendered":"http:\/\/demo.safirtema.com\/poyraz\/?page_id=82"},"modified":"2024-08-10T16:52:48","modified_gmt":"2024-08-10T13:52:48","slug":"kunye","status":"publish","type":"page","link":"https:\/\/kibrisayna.com\/index.php\/kunye\/","title":{"rendered":"K\u00fcnye"},"content":{"rendered":"\n<p class=\"has-text-align-center\"><\/p>\n\n\n\n<p class=\"has-text-align-center\"><strong>Y\u00f6netim Yeri Adresi<\/strong><br>K\u0131br\u0131s Ayna <br>Piyale Pa\u015fa Mahallesi, Bay\u0131nd\u0131r Sokak, 3\/1 <br>Gazima\u011fusa \/ KKTC<\/p>\n\n\n\n<p class=\"has-text-align-center\"><strong>Telefon No<\/strong><br>0542 853 9813<\/p>\n\n\n\n<p class=\"has-text-align-center\"><strong>\u0130mtiyaz Sahibi<\/strong><br>Adnan Co\u015fkun<\/p>\n\n\n\n<p class=\"has-text-align-center\"><strong>E-posta:<\/strong><br><a href=\"mailto:editor@siteadresi.com\">info@kibrisayna.com<\/a><\/p>\n\n\n\n<p class=\"has-text-align-center\"><strong>Reklam ve \u0130\u015fbirli\u011fi<br><\/strong><a href=\"mailto:reklam@kibrisayna.com\">reklam@kibrisayna.com<\/a><\/p>\n\n\n\n<p class=\"has-text-align-center\"><strong>UYARI<\/strong><br><strong>\u201ckibrisayna.com internet sitesinde yay\u0131nlanan yaz\u0131, haber ve foto\u011fraflar\u0131n her t\u00fcrl\u00fc telif hakk\u0131 kibrisayna.com&#8217;a aittir. \u0130zin al\u0131nmadan, kaynak g\u00f6sterilerek dahi iktibas edilemez.\u201d<\/strong><\/p>\n","protected":false},"excerpt":{"rendered":"<p>Y\u00f6netim Yeri AdresiK\u0131br\u0131s Ayna Piyale Pa\u015fa Mahallesi, Bay\u0131nd\u0131r Sokak, 3\/1 Gazima\u011fusa \/ KKTC Telefon No0542 853 9813 \u0130mtiyaz SahibiAdnan Co\u015fkun E-posta:info@kibrisayna.com Reklam ve \u0130\u015fbirli\u011fireklam@kibrisayna.com UYARI\u201ckibrisayna.com internet sitesinde yay\u0131nlanan yaz\u0131, haber ve foto\u011fraflar\u0131n her t\u00fcrl\u00fc telif hakk\u0131 kibrisayna.com&#8217;a aittir. \u0130zin al\u0131nmadan, kaynak g\u00f6sterilerek dahi iktibas edilemez.\u201d<\/p>\n","protected":false},"author":2,"featured_media":0,"parent":0,"menu_order":0,"comment_status":"closed","ping_status":"closed","template":"pages\/page-full.php","meta":{"footnotes":""},"class_list":["post-82","page","type-page","status-publish","hentry"],"jetpack_sharing_enabled":true,"_links":{"self":[{"href":"https:\/\/kibrisayna.com\/index.php\/wp-json\/wp\/v2\/pages\/82","targetHints":{"allow":["GET"]}}],"collection":[{"href":"https:\/\/kibrisayna.com\/index.php\/wp-json\/wp\/v2\/pages"}],"about":[{"href":"https:\/\/kibrisayna.com\/index.php\/wp-json\/wp\/v2\/types\/page"}],"author":[{"embeddable":true,"href":"https:\/\/kibrisayna.com\/index.php\/wp-json\/wp\/v2\/users\/2"}],"replies":[{"embeddable":true,"href":"https:\/\/kibrisayna.com\/index.php\/wp-json\/wp\/v2\/comments?post=82"}],"version-history":[{"count":7,"href":"https:\/\/kibrisayna.com\/index.php\/wp-json\/wp\/v2\/pages\/82\/revisions"}],"predecessor-version":[{"id":1556,"href":"https:\/\/kibrisayna.com\/index.php\/wp-json\/wp\/v2\/pages\/82\/revisions\/1556"}],"wp:attachment":[{"href":"https:\/\/kibrisayna.com\/index.php\/wp-json\/wp\/v2\/media?parent=82"}],"curies":[{"name":"wp","href":"https:\/\/api.w.org\/{rel}","templated":true}]}}