{"id":1191,"date":"2024-05-27T15:10:02","date_gmt":"2016-11-27T13:10:02","guid":{"rendered":"http:\/\/demo.safirtema.com\/poyraz\/?page_id=1191"},"modified":"2024-08-10T16:54:44","modified_gmt":"2024-08-10T13:54:44","slug":"bize-ulasin","status":"publish","type":"page","link":"https:\/\/kibrisayna.com\/index.php\/bize-ulasin\/","title":{"rendered":"Bize Ula\u015f\u0131n"},"content":{"rendered":"\n<h2 class=\"wp-block-heading\">REKLAM VE \u0130\u015eB\u0130RL\u0130\u011e\u0130 <\/h2>\n\n\n\n<p><a href=\"mailto:reklam@kibrisayna.com\">reklam@kibrisayna.com<\/a><\/p>\n\n\n\n<h2 class=\"wp-block-heading\">Soru \u00d6neri ve \u015eikayet<\/h2>\n\n\n\n<p><a href=\"mailto:editor@siteadresi.com\">info@kibrisayna.com<\/a><\/p>\n","protected":false},"excerpt":{"rendered":"<p>REKLAM VE \u0130\u015eB\u0130RL\u0130\u011e\u0130 reklam@kibrisayna.com Soru \u00d6neri ve \u015eikayet info@kibrisayna.com<\/p>\n","protected":false},"author":2,"featured_media":0,"parent":0,"menu_order":0,"comment_status":"closed","ping_status":"closed","template":"","meta":{"footnotes":""},"class_list":["post-1191","page","type-page","status-publish","hentry"],"jetpack_sharing_enabled":true,"_links":{"self":[{"href":"https:\/\/kibrisayna.com\/index.php\/wp-json\/wp\/v2\/pages\/1191","targetHints":{"allow":["GET"]}}],"collection":[{"href":"https:\/\/kibrisayna.com\/index.php\/wp-json\/wp\/v2\/pages"}],"about":[{"href":"https:\/\/kibrisayna.com\/index.php\/wp-json\/wp\/v2\/types\/page"}],"author":[{"embeddable":true,"href":"https:\/\/kibrisayna.com\/index.php\/wp-json\/wp\/v2\/users\/2"}],"replies":[{"embeddable":true,"href":"https:\/\/kibrisayna.com\/index.php\/wp-json\/wp\/v2\/comments?post=1191"}],"version-history":[{"count":6,"href":"https:\/\/kibrisayna.com\/index.php\/wp-json\/wp\/v2\/pages\/1191\/revisions"}],"predecessor-version":[{"id":1558,"href":"https:\/\/kibrisayna.com\/index.php\/wp-json\/wp\/v2\/pages\/1191\/revisions\/1558"}],"wp:attachment":[{"href":"https:\/\/kibrisayna.com\/index.php\/wp-json\/wp\/v2\/media?parent=1191"}],"curies":[{"name":"wp","href":"https:\/\/api.w.org\/{rel}","templated":true}]}}